{"id":15253,"date":"2015-05-12T09:24:19","date_gmt":"2015-05-12T06:24:19","guid":{"rendered":"http:\/\/demo.qodeinteractive.com\/bridge102\/?page_id=15253"},"modified":"2020-03-24T17:17:53","modified_gmt":"2020-03-24T14:17:53","slug":"anasayfa","status":"publish","type":"page","link":"https:\/\/dalmann.com.tr\/tr\/","title":{"rendered":"Anasayfa"},"content":{"rendered":"<p>[vc_row css_animation=&#8221;&#8221; row_type=&#8221;row&#8221; use_row_as_full_screen_section=&#8221;no&#8221; type=&#8221;full_width&#8221; angled_section=&#8221;no&#8221; text_align=&#8221;left&#8221; background_image_as_pattern=&#8221;without_pattern&#8221;][vc_column][vc_column_text][\/vc_column_text][\/vc_column][\/vc_row][vc_row css_animation=&#8221;&#8221; row_type=&#8221;row&#8221; use_row_as_full_screen_section=&#8221;no&#8221; type=&#8221;full_width&#8221; angled_section=&#8221;no&#8221; text_align=&#8221;center&#8221; background_image_as_pattern=&#8221;without_pattern&#8221;][vc_column][qode_vertical_split_slider][qode_vertical_left_sliding_panel][qode_vertical_slide_content_item aligment=&#8221;left&#8221; background_image=&#8221;15702&#8243;][\/qode_vertical_slide_content_item][qode_vertical_slide_content_item aligment=&#8221;center&#8221; item_padding=&#8221;20%&#8221;][vc_single_image image=&#8221;15706&#8243; img_size=&#8221;full&#8221; alignment=&#8221;center&#8221; qode_css_animation=&#8221;&#8221;][vc_separator type=&#8221;transparent&#8221; up=&#8221;46&#8243; down=&#8221;0&#8243;][vc_column_text]<\/p>\n<h3 style=\"text-align: center;\">\u00c7\u0130KOLATA LEZZET\u0130<\/h3>\n<p>[\/vc_column_text][vc_separator type=&#8221;transparent&#8221; up=&#8221;20&#8243; down=&#8221;0&#8243;][vc_column_text]<\/p>\n<p style=\"text-align: center;\">Dalmann Chocolate, \u00e7ikolata lezzet d\u00fcnyas\u0131n\u0131n tad\u0131na bakmaya ne dersiniz !<br \/>\nOtellerde, AVM\u2019lerde, Ma\u011fazalarda sizlere \u00f6zel konseptlerde haz\u0131rlad\u0131\u011f\u0131m\u0131z \u00fcr\u00fcnlerin tedari\u011fini Dalmann olarak haz\u0131rlay\u0131p sizlerin be\u011fenisine sunuyoruz\u2026<\/p>\n<p>[\/vc_column_text][vc_separator type=&#8221;transparent&#8221; up=&#8221;32&#8243; down=&#8221;0&#8243;]<a  itemprop=\"url\" href=\"http:\/\/dalmannchocolate.com\" target=\"_self\"  class=\"qbutton  default\" style=\"\">WEB SAYFAMIZ<\/a>[\/qode_vertical_slide_content_item][qode_vertical_slide_content_item aligment=&#8221;left&#8221; background_image=&#8221;15725&#8243;][\/qode_vertical_slide_content_item][qode_vertical_slide_content_item aligment=&#8221;center&#8221; item_padding=&#8221;20%&#8221;][vc_column_text]<\/p>\n<h3 style=\"text-align: center;\"><img decoding=\"async\" loading=\"lazy\" class=\"alignnone size-full wp-image-15701\" src=\"http:\/\/www.dalmann.com.tr\/wp-content\/uploads\/2017\/07\/dalmanlogo8cm-1.png\" alt=\"\" width=\"228\" height=\"34\" \/><\/h3>\n<p>[\/vc_column_text][vc_separator type=&#8221;transparent&#8221; up=&#8221;19&#8243; down=&#8221;0&#8243;][vc_column_text]<\/p>\n<h3 style=\"text-align: center;\">OTEL PROMOSYON<\/h3>\n<p>[\/vc_column_text][vc_separator type=&#8221;transparent&#8221; up=&#8221;53&#8243; down=&#8221;0&#8243;][vc_column_text]<\/p>\n<p style=\"text-align: center;\">Otelcilik Promosyon hizmeti olarakta b\u00fcnyemizde bulundurdu\u011fumuz hizmetlerden biri olarak, bir \u00e7ok tan\u0131nm\u0131\u015f otellere hizmet vermekteyiz. Promosyon \u00fcr\u00fcnleriniz i\u00e7in l\u00fctfen bizimle irtibata ge\u00e7iniz.<\/p>\n<p>[\/vc_column_text][vc_separator type=&#8221;transparent&#8221; up=&#8221;32&#8243; down=&#8221;0&#8243;][\/qode_vertical_slide_content_item][qode_vertical_slide_content_item aligment=&#8221;center&#8221; background_image=&#8221;15729&#8243;][\/qode_vertical_slide_content_item][\/qode_vertical_left_sliding_panel][qode_vertical_right_sliding_panel][qode_vertical_slide_content_item aligment=&#8221;center&#8221; item_padding=&#8221;14%&#8221;][vc_column_text]<\/p>\n<h2 style=\"text-align: center;\"><img decoding=\"async\" loading=\"lazy\" class=\"alignnone size-medium wp-image-15703\" src=\"http:\/\/www.dalmann.com.tr\/wp-content\/uploads\/2015\/05\/lunigold-300x136.png\" alt=\"\" width=\"300\" height=\"136\" srcset=\"https:\/\/dalmann.com.tr\/wp-content\/uploads\/2015\/05\/lunigold-300x136.png 300w, https:\/\/dalmann.com.tr\/wp-content\/uploads\/2015\/05\/lunigold-768x349.png 768w, https:\/\/dalmann.com.tr\/wp-content\/uploads\/2015\/05\/lunigold-1024x465.png 1024w, https:\/\/dalmann.com.tr\/wp-content\/uploads\/2015\/05\/lunigold-700x318.png 700w, https:\/\/dalmann.com.tr\/wp-content\/uploads\/2015\/05\/lunigold.png 1083w\" sizes=\"(max-width: 300px) 100vw, 300px\" \/><\/h2>\n<p>[\/vc_column_text][vc_separator type=&#8221;transparent&#8221; up=&#8221;17&#8243; down=&#8221;0&#8243;][vc_column_text]<\/p>\n<h4 style=\"text-align: center;\">Hayalleriniz art\u0131k hizmetinizde, tasar\u0131mlar\u0131m\u0131z\u0131 tarz\u0131n\u0131za yans\u0131t\u0131yoruz. Luni-Gold olarak sizlere kaliteli \u00fcr\u00fcnler ve g\u00fcvenilir hizmet vermekten gurur duyar\u0131z.<\/h4>\n<p>[\/vc_column_text][vc_separator type=&#8221;transparent&#8221; up=&#8221;32&#8243; down=&#8221;0&#8243;]<a  itemprop=\"url\" href=\"http:\/\/luni-gold.com\/\" target=\"_blank\"  class=\"qbutton  default\" style=\"margin: 0 8px 0 0; \">Web Sayfam\u0131z<\/a><a  itemprop=\"url\" href=\"http:\/\/luni-gold.com\/\" target=\"_blank\" data-hover-background-color=#353535  class=\"qbutton  default\" style=\"background-color: #222222;\">SATIN AL<\/a>[\/qode_vertical_slide_content_item][qode_vertical_slide_content_item aligment=&#8221;center&#8221; background_image=&#8221;15708&#8243;][\/qode_vertical_slide_content_item][qode_vertical_slide_content_item aligment=&#8221;center&#8221; item_padding=&#8221;20%&#8221;][vc_column_text]<\/p>\n<h3 style=\"text-align: center;\"><img decoding=\"async\" loading=\"lazy\" class=\"alignnone size-full wp-image-15724\" src=\"http:\/\/dalmann.com.tr\/wp-content\/uploads\/2020\/03\/takisatis.png\" alt=\"taki_satis\" width=\"261\" height=\"70\" \/><\/h3>\n<p>[\/vc_column_text][vc_separator type=&#8221;transparent&#8221; up=&#8221;19&#8243; down=&#8221;0&#8243;][vc_column_text]<\/p>\n<h3 style=\"text-align: center;\">Kuyumculuk Hizmeti<\/h3>\n<p>[\/vc_column_text][vc_separator type=&#8221;transparent&#8221; up=&#8221;53&#8243; down=&#8221;0&#8243;][vc_column_text]<\/p>\n<p style=\"text-align: center;\">Dalmann olarak kuyumculuk sekt\u00f6r\u00fcnde kendini geli\u015ftirmi\u015f ve globalle\u015fmi\u015f bir marka haline gelmi\u015ftir. Kuyumculuk sekt\u00f6r\u00fcnde bir\u00e7ok avrupa \u00fclkelerini hizmet vermektedir. P\u0131rlanta \u00fczerine farkl\u0131 konseptlerde \u00fcr\u00fcn \u00e7e\u015fitleri bulunmaktad\u0131r.<\/p>\n<p>[\/vc_column_text][vc_separator type=&#8221;transparent&#8221; up=&#8221;32&#8243; down=&#8221;0&#8243;]<a  itemprop=\"url\" href=\"http:\/\/takisatis.com\/\" target=\"_blank\"  class=\"qbutton  default\" style=\"\">WEB SAYFAMIZ<\/a>[\/qode_vertical_slide_content_item][qode_vertical_slide_content_item aligment=&#8221;center&#8221; background_image=&#8221;15728&#8243;][\/qode_vertical_slide_content_item][qode_vertical_slide_content_item aligment=&#8221;center&#8221; item_padding=&#8221;20%&#8221;][vc_column_text]<\/p>\n<h3 style=\"text-align: center;\">LAZER KESIM &#8211; LAZER KAZIMA<\/h3>\n<p>[\/vc_column_text][vc_separator type=&#8221;transparent&#8221; up=&#8221;24&#8243; down=&#8221;0&#8243;][vc_column_text]<\/p>\n<p style=\"text-align: center;\">B\u00fcnyemizde katt\u0131\u011f\u0131m\u0131z yeni teknoloji lazer kesim ve lazer kaz\u0131ma makineleri ile farkl\u0131l\u0131klar yaratmaya devam ediyoruz. \u0130stekleriniz do\u011frultusunda sizlere \u00f6zel kesimli tak\u0131lar sunuyoruz. K\u0131sacas\u0131 s\u0131n\u0131rlar\u0131 ortadan kald\u0131r\u0131yoruz&#8230;<\/p>\n<p>[\/vc_column_text][vc_separator type=&#8221;transparent&#8221; up=&#8221;33&#8243; down=&#8221;0&#8243;]<a  itemprop=\"url\" href=\"http:\/\/luni-gold.com\/\" target=\"_blank\"  class=\"qbutton  default\" style=\"\">DETAYLI B\u0130LG\u0130<\/a>[\/qode_vertical_slide_content_item][\/qode_vertical_right_sliding_panel][\/qode_vertical_split_slider][\/vc_column][\/vc_row][vc_row css_animation=&#8221;&#8221; row_type=&#8221;row&#8221; use_row_as_full_screen_section=&#8221;no&#8221; type=&#8221;full_width&#8221; angled_section=&#8221;no&#8221; text_align=&#8221;left&#8221; background_image_as_pattern=&#8221;without_pattern&#8221;][vc_column][vc_column_text][\/vc_column_text][\/vc_column][\/vc_row]<\/p>","protected":false},"excerpt":{"rendered":"<p>[vc_row css_animation=&#8221;&#8221; row_type=&#8221;row&#8221; use_row_as_full_screen_section=&#8221;no&#8221; type=&#8221;full_width&#8221; angled_section=&#8221;no&#8221; text_align=&#8221;left&#8221; background_image_as_pattern=&#8221;without_pattern&#8221;][vc_column][vc_column_text][\/vc_column_text][\/vc_column][\/vc_row][vc_row css_animation=&#8221;&#8221; row_type=&#8221;row&#8221; use_row_as_full_screen_section=&#8221;no&#8221; type=&#8221;full_width&#8221; angled_section=&#8221;no&#8221; text_align=&#8221;center&#8221; background_image_as_pattern=&#8221;without_pattern&#8221;][vc_column][qode_vertical_split_slider][qode_vertical_left_sliding_panel][qode_vertical_slide_content_item aligment=&#8221;left&#8221; background_image=&#8221;15702&#8243;][\/qode_vertical_slide_content_item][qode_vertical_slide_content_item aligment=&#8221;center&#8221; item_padding=&#8221;20%&#8221;][vc_single_image image=&#8221;15706&#8243; img_size=&#8221;full&#8221; alignment=&#8221;center&#8221; qode_css_animation=&#8221;&#8221;][vc_separator type=&#8221;transparent&#8221; up=&#8221;46&#8243; down=&#8221;0&#8243;][vc_column_text] \u00c7\u0130KOLATA LEZZET\u0130 [\/vc_column_text][vc_separator type=&#8221;transparent&#8221; up=&#8221;20&#8243; down=&#8221;0&#8243;][vc_column_text] Dalmann Chocolate, \u00e7ikolata lezzet d\u00fcnyas\u0131n\u0131n tad\u0131na bakmaya ne dersiniz ! Otellerde, AVM\u2019lerde, Ma\u011fazalarda&#8230;<\/p>\n","protected":false},"author":1,"featured_media":0,"parent":0,"menu_order":0,"comment_status":"closed","ping_status":"closed","template":"full_width.php","meta":[],"_links":{"self":[{"href":"https:\/\/dalmann.com.tr\/tr\/wp-json\/wp\/v2\/pages\/15253"}],"collection":[{"href":"https:\/\/dalmann.com.tr\/tr\/wp-json\/wp\/v2\/pages"}],"about":[{"href":"https:\/\/dalmann.com.tr\/tr\/wp-json\/wp\/v2\/types\/page"}],"author":[{"embeddable":true,"href":"https:\/\/dalmann.com.tr\/tr\/wp-json\/wp\/v2\/users\/1"}],"replies":[{"embeddable":true,"href":"https:\/\/dalmann.com.tr\/tr\/wp-json\/wp\/v2\/comments?post=15253"}],"version-history":[{"count":14,"href":"https:\/\/dalmann.com.tr\/tr\/wp-json\/wp\/v2\/pages\/15253\/revisions"}],"predecessor-version":[{"id":15742,"href":"https:\/\/dalmann.com.tr\/tr\/wp-json\/wp\/v2\/pages\/15253\/revisions\/15742"}],"wp:attachment":[{"href":"https:\/\/dalmann.com.tr\/tr\/wp-json\/wp\/v2\/media?parent=15253"}],"curies":[{"name":"wp","href":"https:\/\/api.w.org\/{rel}","templated":true}]}}