{"id":15321,"date":"2015-05-20T12:16:21","date_gmt":"2015-05-20T09:16:21","guid":{"rendered":"http:\/\/demo.qodeinteractive.com\/bridge102\/?page_id=15321"},"modified":"2020-03-24T16:57:09","modified_gmt":"2020-03-24T13:57:09","slug":"hakkimizda","status":"publish","type":"page","link":"http:\/\/dalmann.com.tr\/tr\/hakkimizda\/","title":{"rendered":"Hakk\u0131m\u0131zda"},"content":{"rendered":"<p>[vc_row row_type=&#8221;row&#8221; use_row_as_full_screen_section=&#8221;no&#8221; type=&#8221;full_width&#8221; angled_section=&#8221;no&#8221; text_align=&#8221;left&#8221; background_image_as_pattern=&#8221;without_pattern&#8221; css_animation=&#8221;&#8221;][vc_column][qode_vertical_split_slider][qode_vertical_left_sliding_panel][qode_vertical_slide_content_item background_image=&#8221;15735&#8243; aligment=&#8221;center&#8221;][\/qode_vertical_slide_content_item][qode_vertical_slide_content_item background_image=&#8221;15740&#8243; item_padding=&#8221;18%&#8221; aligment=&#8221;center&#8221;][\/qode_vertical_slide_content_item][\/qode_vertical_left_sliding_panel][qode_vertical_right_sliding_panel][qode_vertical_slide_content_item item_padding=&#8221;18%&#8221; aligment=&#8221;center&#8221;][vc_separator type=&#8221;transparent&#8221; up=&#8221;14&#8243; down=&#8221;0&#8243;][vc_column_text]<\/p>\n<h2 style=\"text-align: center;\">Hakk\u0131m\u0131zda<\/h2>\n<p>[\/vc_column_text][vc_separator type=&#8221;transparent&#8221; up=&#8221;14&#8243; down=&#8221;0&#8243;][qode_elements_holder number_of_columns=&#8221;two_columns&#8221;][qode_elements_holder_item item_padding=&#8221;0 0 60px 0&#8243; advanced_animations=&#8221;no&#8221;]<span data-type=\"normal\"  class=\"qode_icon_shortcode  q_font_awsome_icon fa-lg pull-center \" style=\" \"><i class=\"qode_icon_font_awesome fa fa-bookmark-o qode_icon_element\" style=\"font-size: 40px;color: #d6d6d6;\" ><\/i><\/span>[vc_separator type=&#8221;transparent&#8221; up=&#8221;30&#8243; down=&#8221;0&#8243;][vc_column_text]<\/p>\n<h5 style=\"text-align: center;\">KUYUMCULUK<\/h5>\n<p>[\/vc_column_text][vc_separator type=&#8221;transparent&#8221; up=&#8221;14&#8243; down=&#8221;0&#8243;][vc_column_text]<\/p>\n<p style=\"text-align: center;\">1980 Y\u0131l\u0131nda ba\u015flad\u0131\u011f\u0131m\u0131z tak\u0131 ser\u00fcveni geli\u015ftirerek bir \u00e7ok alanda \u00fcretimlerimiz bulunmaktad\u0131r.<\/p>\n<p>[\/vc_column_text][\/qode_elements_holder_item][qode_elements_holder_item item_padding=&#8221;0 0 60px 0&#8243; advanced_animations=&#8221;no&#8221;]<span data-type=\"normal\"  class=\"qode_icon_shortcode  q_font_awsome_icon fa-lg pull-center \" style=\" \"><i class=\"qode_icon_font_awesome fa fa-laptop qode_icon_element\" style=\"font-size: 40px;color: #d6d6d6;\" ><\/i><\/span>[vc_separator type=&#8221;transparent&#8221; up=&#8221;30&#8243; down=&#8221;0&#8243;][vc_column_text]<\/p>\n<h5 style=\"text-align: center;\">\u0130HRACAT<\/h5>\n<p>[\/vc_column_text][vc_separator type=&#8221;transparent&#8221; up=&#8221;14&#8243; down=&#8221;0&#8243;][vc_column_text]<\/p>\n<p style=\"text-align: center;\">Bir \u00e7ok avrupa \u00fclkelerini yapm\u0131\u015f oldu\u011fumuz \u00e7e\u015fitli ihracat gruplar\u0131m\u0131z bulunmaktad\u0131r.<\/p>\n<p>[\/vc_column_text][\/qode_elements_holder_item][\/qode_elements_holder][qode_elements_holder number_of_columns=&#8221;two_columns&#8221;][qode_elements_holder_item item_padding=&#8221;0 0 60px 0&#8243; advanced_animations=&#8221;no&#8221;]<span data-type=\"normal\"  class=\"qode_icon_shortcode  q_font_awsome_icon fa-lg pull-center \" style=\" \"><i class=\"qode_icon_font_awesome fa fa-flag-o qode_icon_element\" style=\"font-size: 40px;color: #d6d6d6;\" ><\/i><\/span>[vc_separator type=&#8221;transparent&#8221; up=&#8221;30&#8243; down=&#8221;0&#8243;][vc_column_text]<\/p>\n<h5 style=\"text-align: center;\">PROMOSYON<\/h5>\n<p>[\/vc_column_text][vc_separator type=&#8221;transparent&#8221; up=&#8221;14&#8243; down=&#8221;0&#8243;][vc_column_text]<\/p>\n<p style=\"text-align: center;\">Otelcilik \u00fcr\u00fcnlerinde promosyon \u00fcretimleri i\u00e7in tercih haline gelmi\u015f markam\u0131z ve b\u00fcnyesinde bulundurdu\u011fu \u00f6zel tasar\u0131mlar\u0131 ile m\u00fc\u015fterilerini \u00e7ekmektedir.<\/p>\n<p>[\/vc_column_text][\/qode_elements_holder_item][qode_elements_holder_item item_padding=&#8221;0 0 60px 0&#8243; advanced_animations=&#8221;no&#8221;]<span data-type=\"normal\"  class=\"qode_icon_shortcode  q_font_awsome_icon fa-lg pull-center \" style=\" \"><i class=\"qode_icon_font_awesome fa fa-pencil-square-o qode_icon_element\" style=\"font-size: 40px;color: #d6d6d6;\" ><\/i><\/span>[vc_separator type=&#8221;transparent&#8221; up=&#8221;30&#8243; down=&#8221;0&#8243;][vc_column_text]<\/p>\n<h5 style=\"text-align: center;\">GIDA<\/h5>\n<p>[\/vc_column_text][vc_separator type=&#8221;transparent&#8221; up=&#8221;14&#8243; down=&#8221;0&#8243;][vc_column_text]<\/p>\n<p style=\"text-align: center;\">Kuruyemi\u015f olarak f\u0131nd\u0131k, f\u0131st\u0131k, kaju, leblebi gibi bir \u00e7ok \u00e7e\u015fitte \u00fcretimlerimizi sa\u011flamaktay\u0131z. G\u0131da sertifikam\u0131z bulunmaktad\u0131r.<\/p>\n<p>[\/vc_column_text][\/qode_elements_holder_item][\/qode_elements_holder][\/qode_vertical_slide_content_item][qode_vertical_slide_content_item background_image=&#8221;15737&#8243; aligment=&#8221;center&#8221;][\/qode_vertical_slide_content_item][\/qode_vertical_right_sliding_panel][\/qode_vertical_split_slider][\/vc_column][\/vc_row]<\/p>","protected":false},"excerpt":{"rendered":"<p>[vc_row row_type=&#8221;row&#8221; use_row_as_full_screen_section=&#8221;no&#8221; type=&#8221;full_width&#8221; angled_section=&#8221;no&#8221; text_align=&#8221;left&#8221; background_image_as_pattern=&#8221;without_pattern&#8221; css_animation=&#8221;&#8221;][vc_column][qode_vertical_split_slider][qode_vertical_left_sliding_panel][qode_vertical_slide_content_item background_image=&#8221;15735&#8243; aligment=&#8221;center&#8221;][\/qode_vertical_slide_content_item][qode_vertical_slide_content_item background_image=&#8221;15740&#8243; item_padding=&#8221;18%&#8221; aligment=&#8221;center&#8221;][\/qode_vertical_slide_content_item][\/qode_vertical_left_sliding_panel][qode_vertical_right_sliding_panel][qode_vertical_slide_content_item item_padding=&#8221;18%&#8221; aligment=&#8221;center&#8221;][vc_separator type=&#8221;transparent&#8221; up=&#8221;14&#8243; down=&#8221;0&#8243;][vc_column_text] Hakk\u0131m\u0131zda [\/vc_column_text][vc_separator type=&#8221;transparent&#8221; up=&#8221;14&#8243; down=&#8221;0&#8243;][qode_elements_holder number_of_columns=&#8221;two_columns&#8221;][qode_elements_holder_item item_padding=&#8221;0 0 60px 0&#8243; advanced_animations=&#8221;no&#8221;][vc_separator type=&#8221;transparent&#8221; up=&#8221;30&#8243; down=&#8221;0&#8243;][vc_column_text] KUYUMCULUK [\/vc_column_text][vc_separator type=&#8221;transparent&#8221; up=&#8221;14&#8243; down=&#8221;0&#8243;][vc_column_text] 1980 Y\u0131l\u0131nda ba\u015flad\u0131\u011f\u0131m\u0131z tak\u0131 ser\u00fcveni geli\u015ftirerek bir \u00e7ok&#8230;<\/p>\n","protected":false},"author":1,"featured_media":0,"parent":0,"menu_order":0,"comment_status":"closed","ping_status":"closed","template":"full_width.php","meta":[],"_links":{"self":[{"href":"http:\/\/dalmann.com.tr\/tr\/wp-json\/wp\/v2\/pages\/15321"}],"collection":[{"href":"http:\/\/dalmann.com.tr\/tr\/wp-json\/wp\/v2\/pages"}],"about":[{"href":"http:\/\/dalmann.com.tr\/tr\/wp-json\/wp\/v2\/types\/page"}],"author":[{"embeddable":true,"href":"http:\/\/dalmann.com.tr\/tr\/wp-json\/wp\/v2\/users\/1"}],"replies":[{"embeddable":true,"href":"http:\/\/dalmann.com.tr\/tr\/wp-json\/wp\/v2\/comments?post=15321"}],"version-history":[{"count":9,"href":"http:\/\/dalmann.com.tr\/tr\/wp-json\/wp\/v2\/pages\/15321\/revisions"}],"predecessor-version":[{"id":15752,"href":"http:\/\/dalmann.com.tr\/tr\/wp-json\/wp\/v2\/pages\/15321\/revisions\/15752"}],"wp:attachment":[{"href":"http:\/\/dalmann.com.tr\/tr\/wp-json\/wp\/v2\/media?parent=15321"}],"curies":[{"name":"wp","href":"https:\/\/api.w.org\/{rel}","templated":true}]}}