{"id":15673,"date":"2015-05-28T13:48:55","date_gmt":"2015-05-28T10:48:55","guid":{"rendered":"http:\/\/demo.qodeinteractive.com\/bridge102\/?page_id=15425"},"modified":"2023-09-27T17:12:47","modified_gmt":"2023-09-27T14:12:47","slug":"iletisim","status":"publish","type":"page","link":"http:\/\/dalmann.com.tr\/en\/iletisim\/","title":{"rendered":"Contact"},"content":{"rendered":"<p>[vc_row css_animation=&#8221;&#8221; row_type=&#8221;row&#8221; use_row_as_full_screen_section=&#8221;no&#8221; type=&#8221;full_width&#8221; angled_section=&#8221;no&#8221; text_align=&#8221;left&#8221; background_image_as_pattern=&#8221;without_pattern&#8221;][vc_column][vc_column_text][\/vc_column_text][\/vc_column][\/vc_row][vc_row css_animation=&#8221;&#8221; row_type=&#8221;row&#8221; use_row_as_full_screen_section=&#8221;no&#8221; type=&#8221;full_width&#8221; angled_section=&#8221;no&#8221; text_align=&#8221;left&#8221; background_image_as_pattern=&#8221;without_pattern&#8221;][vc_column][qode_elements_holder number_of_columns=&#8221;two_columns&#8221; switch_to_one_column=&#8221;1000&#8243; alignment_one_column=&#8221;left&#8221;][qode_elements_holder_item vertical_alignment=&#8221;middle&#8221; advanced_animations=&#8221;no&#8221; item_padding=&#8221;60px 60px 60px 60px&#8221;][vc_column_text]<\/p>\n<h3>CONTACT INFORMATION<\/h3>\n<p>[\/vc_column_text][vc_separator type=&#8221;transparent&#8221; up=&#8221;22&#8243; down=&#8221;0&#8243;][vc_column_text]<\/p>\n<div class=\"wpb_text_column wpb_content_element \">\n<div class=\"wpb_wrapper\">\n<p>Bindirek Mh. Dizdariye \u00c7e\u015fmesi Sk. No:63\/1<br \/>\n\u00c7emberlita\u015f \/ \u0130stanbul \/ TURKEY<br \/>\nE-mail: info@dalmann.com.tr<br \/>\nTel: +90 212 5173995<\/p>\n<\/div>\n<\/div>\n<p>[\/vc_column_text][vc_separator type=&#8221;transparent&#8221; up=&#8221;26&#8243; down=&#8221;0&#8243;]\n<div class=\"wpcf7 no-js\" id=\"wpcf7-f15681-o2\" lang=\"en-US\" dir=\"ltr\">\n<div class=\"screen-reader-response\"><p role=\"status\" aria-live=\"polite\" aria-atomic=\"true\"><\/p> <ul><\/ul><\/div>\n<form action=\"\/en\/wp-json\/wp\/v2\/pages\/15673#wpcf7-f15681-o2\" method=\"post\" class=\"wpcf7-form init default\" aria-label=\"Contact form\" novalidate=\"novalidate\" data-status=\"init\">\n<div style=\"display: none;\">\n<input type=\"hidden\" name=\"_wpcf7\" value=\"15681\" \/>\n<input type=\"hidden\" name=\"_wpcf7_version\" value=\"5.7.7\" \/>\n<input type=\"hidden\" name=\"_wpcf7_locale\" value=\"en_US\" \/>\n<input type=\"hidden\" name=\"_wpcf7_unit_tag\" value=\"wpcf7-f15681-o2\" \/>\n<input type=\"hidden\" name=\"_wpcf7_container_post\" value=\"0\" \/>\n<input type=\"hidden\" name=\"_wpcf7_posted_data_hash\" value=\"\" \/>\n<\/div>\n<p><label> Your Name (required)<br \/>\n<span class=\"wpcf7-form-control-wrap\" data-name=\"your-name\"><input size=\"40\" class=\"wpcf7-form-control wpcf7-text wpcf7-validates-as-required\" aria-required=\"true\" aria-invalid=\"false\" value=\"\" type=\"text\" name=\"your-name\" \/><\/span> <\/label>\n<\/p>\n<p><label> Your E-mail (required)<br \/>\n<span class=\"wpcf7-form-control-wrap\" data-name=\"your-email\"><input size=\"40\" class=\"wpcf7-form-control wpcf7-text wpcf7-email wpcf7-validates-as-required wpcf7-validates-as-email\" aria-required=\"true\" aria-invalid=\"false\" value=\"\" type=\"email\" name=\"your-email\" \/><\/span> <\/label>\n<\/p>\n<p><label> Subject<br \/>\n<span class=\"wpcf7-form-control-wrap\" data-name=\"your-subject\"><input size=\"40\" class=\"wpcf7-form-control wpcf7-text\" aria-invalid=\"false\" value=\"\" type=\"text\" name=\"your-subject\" \/><\/span> <\/label>\n<\/p>\n<p><label> Message<br \/>\n<span class=\"wpcf7-form-control-wrap\" data-name=\"your-message\"><textarea cols=\"40\" rows=\"10\" class=\"wpcf7-form-control wpcf7-textarea\" aria-invalid=\"false\" name=\"your-message\"><\/textarea><\/span> <\/label>\n<\/p>\n<p><input class=\"wpcf7-form-control has-spinner wpcf7-submit\" type=\"submit\" value=\"Send\" \/>\n<\/p><div class=\"wpcf7-response-output\" aria-hidden=\"true\"><\/div>\n<\/form>\n<\/div>\n[\/qode_elements_holder_item][qode_elements_holder_item vertical_alignment=&#8221;top&#8221; advanced_animations=&#8221;no&#8221; item_padding=&#8221;0 0 0 0&#8243;]<div class='google_map_shortcode_holder' style='height:1100px;'><div class='qode_google_map' style='height:1100px;' id='map_canvas_51192' data-addresses='[\"Mollafenari Mahallesi, Gazi Sinan Pa\u015fa Sk. Kutlu \u0130\u015f Hani\"]' data-custom-map-style='true' data-color-overlay='#393939' data-saturation='-100' data-lightness='20' data-zoom='17' data-pin='http:\/\/dalmann.com.tr\/wp-content\/uploads\/2015\/05\/pin.png' data-unique-id='51192' data-google-maps-scroll-wheel='false' data-snazzy-map-style='no' data-map-height='1100'><\/div><div class='google_map_shortcode_overlay'><\/div><\/div>[\/qode_elements_holder_item][\/qode_elements_holder][\/vc_column][\/vc_row][vc_row css_animation=&#8221;&#8221; row_type=&#8221;row&#8221; use_row_as_full_screen_section=&#8221;no&#8221; type=&#8221;full_width&#8221; angled_section=&#8221;no&#8221; text_align=&#8221;left&#8221; background_image_as_pattern=&#8221;without_pattern&#8221;][vc_column][vc_column_text][\/vc_column_text][\/vc_column][\/vc_row]<\/p>","protected":false},"excerpt":{"rendered":"<p>[vc_row css_animation=&#8221;&#8221; row_type=&#8221;row&#8221; use_row_as_full_screen_section=&#8221;no&#8221; type=&#8221;full_width&#8221; angled_section=&#8221;no&#8221; text_align=&#8221;left&#8221; background_image_as_pattern=&#8221;without_pattern&#8221;][vc_column][vc_column_text][\/vc_column_text][\/vc_column][\/vc_row][vc_row css_animation=&#8221;&#8221; row_type=&#8221;row&#8221; use_row_as_full_screen_section=&#8221;no&#8221; type=&#8221;full_width&#8221; angled_section=&#8221;no&#8221; text_align=&#8221;left&#8221; background_image_as_pattern=&#8221;without_pattern&#8221;][vc_column][qode_elements_holder number_of_columns=&#8221;two_columns&#8221; switch_to_one_column=&#8221;1000&#8243; alignment_one_column=&#8221;left&#8221;][qode_elements_holder_item vertical_alignment=&#8221;middle&#8221; advanced_animations=&#8221;no&#8221; item_padding=&#8221;60px 60px 60px 60px&#8221;][vc_column_text] CONTACT INFORMATION [\/vc_column_text][vc_separator type=&#8221;transparent&#8221; up=&#8221;22&#8243; down=&#8221;0&#8243;][vc_column_text] Bindirek Mh. Dizdariye \u00c7e\u015fmesi Sk. No:63\/1 \u00c7emberlita\u015f \/ \u0130stanbul \/ TURKEY E-mail: info@dalmann.com.tr Tel: +90&#8230;<\/p>\n","protected":false},"author":1,"featured_media":0,"parent":0,"menu_order":0,"comment_status":"closed","ping_status":"closed","template":"full_width.php","meta":[],"_links":{"self":[{"href":"http:\/\/dalmann.com.tr\/en\/wp-json\/wp\/v2\/pages\/15673"}],"collection":[{"href":"http:\/\/dalmann.com.tr\/en\/wp-json\/wp\/v2\/pages"}],"about":[{"href":"http:\/\/dalmann.com.tr\/en\/wp-json\/wp\/v2\/types\/page"}],"author":[{"embeddable":true,"href":"http:\/\/dalmann.com.tr\/en\/wp-json\/wp\/v2\/users\/1"}],"replies":[{"embeddable":true,"href":"http:\/\/dalmann.com.tr\/en\/wp-json\/wp\/v2\/comments?post=15673"}],"version-history":[{"count":9,"href":"http:\/\/dalmann.com.tr\/en\/wp-json\/wp\/v2\/pages\/15673\/revisions"}],"predecessor-version":[{"id":15757,"href":"http:\/\/dalmann.com.tr\/en\/wp-json\/wp\/v2\/pages\/15673\/revisions\/15757"}],"wp:attachment":[{"href":"http:\/\/dalmann.com.tr\/en\/wp-json\/wp\/v2\/media?parent=15673"}],"curies":[{"name":"wp","href":"https:\/\/api.w.org\/{rel}","templated":true}]}}